{"id":53195,"date":"2023-07-10T15:32:29","date_gmt":"2023-07-10T14:32:29","guid":{"rendered":"https:\/\/www.mesrs.dz\/?page_id=53195"},"modified":"2023-09-04T13:54:41","modified_gmt":"2023-09-04T12:54:41","slug":"suivi-des-boursiers-et-insertion","status":"publish","type":"page","link":"https:\/\/www.mesrs.dz\/index.php\/fr\/suivi-des-boursiers-et-insertion\/","title":{"rendered":"Suivi des boursiers et insertion"},"content":{"rendered":"\t\t<div data-elementor-type=\"wp-page\" data-elementor-id=\"53195\" class=\"elementor elementor-53195\" data-elementor-settings=\"{&quot;ha_cmc_init_switcher&quot;:&quot;no&quot;}\">\n\t\t\t\t\t\t<section class=\"elementor-section elementor-top-section elementor-element elementor-element-b72444d elementor-section-stretched elementor-section-content-middle elementor-section-boxed elementor-section-height-default elementor-section-height-default\" data-id=\"b72444d\" data-element_type=\"section\" data-e-type=\"section\" data-settings=\"{&quot;background_background&quot;:&quot;gradient&quot;,&quot;stretch_section&quot;:&quot;section-stretched&quot;,&quot;_ha_eqh_enable&quot;:false}\">\n\t\t\t\t\t\t\t<div class=\"elementor-background-overlay\"><\/div>\n\t\t\t\t\t\t\t<div class=\"elementor-container elementor-column-gap-default\">\n\t\t\t\t\t<div class=\"elementor-column elementor-col-50 elementor-top-column elementor-element elementor-element-b002812\" data-id=\"b002812\" data-element_type=\"column\" data-e-type=\"column\">\n\t\t\t<div class=\"elementor-widget-wrap elementor-element-populated\">\n\t\t\t\t\t\t<section class=\"elementor-section elementor-inner-section elementor-element elementor-element-96f3592 elementor-section-boxed elementor-section-height-default elementor-section-height-default\" data-id=\"96f3592\" data-element_type=\"section\" data-e-type=\"section\" data-settings=\"{&quot;_ha_eqh_enable&quot;:false}\">\n\t\t\t\t\t\t<div class=\"elementor-container elementor-column-gap-default\">\n\t\t\t\t\t<div class=\"elementor-column elementor-col-100 elementor-inner-column elementor-element elementor-element-2b05041\" data-id=\"2b05041\" data-element_type=\"column\" data-e-type=\"column\">\n\t\t\t<div class=\"elementor-widget-wrap elementor-element-populated\">\n\t\t\t\t\t\t<div class=\"elementor-element elementor-element-3cb5810 elementor-invisible elementor-widget elementor-widget-heading\" data-id=\"3cb5810\" data-element_type=\"widget\" data-e-type=\"widget\" data-settings=\"{&quot;_animation&quot;:&quot;fadeIn&quot;}\" data-widget_type=\"heading.default\">\n\t\t\t\t<div class=\"elementor-widget-container\">\n\t\t\t\t\t<h2 class=\"elementor-heading-title elementor-size-default\">coop\u00e9ration interuniversitaire<\/h2>\t\t\t\t<\/div>\n\t\t\t\t<\/div>\n\t\t\t\t<div class=\"elementor-element elementor-element-65e380e elementor-widget-divider--view-line elementor-widget elementor-widget-divider\" data-id=\"65e380e\" data-element_type=\"widget\" data-e-type=\"widget\" data-widget_type=\"divider.default\">\n\t\t\t\t<div class=\"elementor-widget-container\">\n\t\t\t\t\t\t\t<div class=\"elementor-divider\">\n\t\t\t<span class=\"elementor-divider-separator\">\n\t\t\t\t\t\t<\/span>\n\t\t<\/div>\n\t\t\t\t\t\t<\/div>\n\t\t\t\t<\/div>\n\t\t\t\t<div class=\"elementor-element elementor-element-040244b elementor-invisible elementor-widget elementor-widget-heading\" data-id=\"040244b\" data-element_type=\"widget\" data-e-type=\"widget\" data-settings=\"{&quot;_animation&quot;:&quot;fadeIn&quot;}\" data-widget_type=\"heading.default\">\n\t\t\t\t<div class=\"elementor-widget-container\">\n\t\t\t\t\t<h2 class=\"elementor-heading-title elementor-size-default\">Suivi des boursiers et insertion <\/h2>\t\t\t\t<\/div>\n\t\t\t\t<\/div>\n\t\t\t\t\t<\/div>\n\t\t<\/div>\n\t\t\t\t\t<\/div>\n\t\t<\/section>\n\t\t\t\t\t<\/div>\n\t\t<\/div>\n\t\t\t\t<div class=\"elementor-column elementor-col-50 elementor-top-column elementor-element elementor-element-6112f00 elementor-hidden-tablet elementor-hidden-mobile\" data-id=\"6112f00\" data-element_type=\"column\" data-e-type=\"column\">\n\t\t\t<div class=\"elementor-widget-wrap elementor-element-populated\">\n\t\t\t\t\t\t\t<\/div>\n\t\t<\/div>\n\t\t\t\t\t<\/div>\n\t\t<\/section>\n\t\t\t\t<section class=\"elementor-section elementor-top-section elementor-element elementor-element-c799f23 elementor-section-stretched elementor-section-boxed elementor-section-height-default elementor-section-height-default\" data-id=\"c799f23\" data-element_type=\"section\" data-e-type=\"section\" data-settings=\"{&quot;background_background&quot;:&quot;classic&quot;,&quot;stretch_section&quot;:&quot;section-stretched&quot;,&quot;_ha_eqh_enable&quot;:false}\">\n\t\t\t\t\t\t<div class=\"elementor-container elementor-column-gap-default\">\n\t\t\t\t\t<div class=\"elementor-column elementor-col-100 elementor-top-column elementor-element elementor-element-0cdeb59\" data-id=\"0cdeb59\" data-element_type=\"column\" data-e-type=\"column\">\n\t\t\t<div class=\"elementor-widget-wrap elementor-element-populated\">\n\t\t\t\t\t\t<section class=\"elementor-section elementor-inner-section elementor-element elementor-element-d5bedc3 elementor-section-boxed elementor-section-height-default elementor-section-height-default\" data-id=\"d5bedc3\" data-element_type=\"section\" data-e-type=\"section\" data-settings=\"{&quot;_ha_eqh_enable&quot;:false}\">\n\t\t\t\t\t\t<div class=\"elementor-container elementor-column-gap-default\">\n\t\t\t\t\t<div class=\"elementor-column elementor-col-100 elementor-inner-column elementor-element elementor-element-2d07a3e\" data-id=\"2d07a3e\" data-element_type=\"column\" data-e-type=\"column\" data-settings=\"{&quot;background_background&quot;:&quot;classic&quot;}\">\n\t\t\t<div class=\"elementor-widget-wrap elementor-element-populated\">\n\t\t\t\t\t\t<div class=\"elementor-element elementor-element-25fecfb elementor-widget elementor-widget-text-editor\" data-id=\"25fecfb\" data-element_type=\"widget\" data-e-type=\"widget\" data-widget_type=\"text-editor.default\">\n\t\t\t\t<div class=\"elementor-widget-container\">\n\t\t\t\t\t\t\t\t\t<h4><strong><span style=\"color: #ffcc00;\">Renouvellement de bourse:<\/span><\/strong><\/h4><p>\u2212 <span style=\"color: #0000ff;\">Conditions de renouvellement de bourses<\/span> :<\/p><p>Le renouvellement est accord\u00e9 aux \u00e9tudiants n\u2019ayant pas \u00e9puis\u00e9 la dur\u00e9e r\u00e9glementaire de prise en charge initialement programm\u00e9e et justifiant d\u2019une progression p\u00e9dagogique et scientifique r\u00e9guli\u00e8re.<br \/>\u2212 <span style=\"color: #0000ff;\">Documents de renouvellement de bourse<\/span> :\u00a0<\/p><p>L\u2019introduction du dossier de renouvellement de bourse sur la plateforme, le dossier doit comprendre les documents suivants :<\/p><ol><li>\u00a0La demande de renouvellement de bourse ;<\/li><li>Le relev\u00e9 de notes comportant le cachet de l\u2019\u00e9tablissement universitaire d\u2019accueil ;<\/li><li>La fiche de suivi (mod\u00e8le \u00e0 t\u00e9l\u00e9charger du site du M.E.S.R.S et sur la plateforme) d\u00fbment vis\u00e9e par l\u2019\u00e9tablissement d\u2019accueil et le poste consulaire.<\/li><\/ol><p>\u2212 <span style=\"color: #0000ff;\">Modalit\u00e9s de renouvellement de bourse<\/span> : <br \/>Le renouvellement de bourse est annuel, il est assur\u00e9 par les services comp\u00e9tents du M.E.S.R.S et par le comit\u00e9 d\u2019experts scientifiques de la commission nationale de la formation et du perfectionnement \u00e0 l\u2019\u00e9tranger, le renouvellement est r\u00e9alis\u00e9 sur une plateforme.<br \/>Les \u00e9tudiants ne sont pas tenus de se pr\u00e9senter \u00e0 l\u2019op\u00e9ration de renouvellement.<\/p>\t\t\t\t\t\t\t\t<\/div>\n\t\t\t\t<\/div>\n\t\t\t\t<div class=\"elementor-element elementor-element-02aa1e1 elementor-widget elementor-widget-text-editor\" data-id=\"02aa1e1\" data-element_type=\"widget\" data-e-type=\"widget\" data-widget_type=\"text-editor.default\">\n\t\t\t\t<div class=\"elementor-widget-container\">\n\t\t\t\t\t\t\t\t\t<!DOCTYPE html>\n<html>\n<head>\n   <meta charset=\"UTF-8\">\n   <meta http-equiv=\"X-UA-Compatible\" content=\"IE=edge\">\n   <meta name=\"viewport\" content=\"width=device-width, initial-scale=1.0\">\n   <style>\n      table,\n      tr,\n      td {\n         border: 1px solid black;\n         border-collapse: collapse;\n      }\n   <\/style>\n<\/head>\n<table width=\"110%\">\n<tbody>\n<tr>\n<td width=\"4%\"><span style=\"color: #ffcc00;\"><strong>N\u00b0<\/strong><\/span><\/td>\n<td width=\"65%\"><span style=\"color: #ffcc00;\"><strong>Plateforme<\/strong><\/span><\/td>\n<td width=\"29%\"><span style=\"color: #ffcc00;\"><strong>Lien<\/strong><\/span><\/td>\n\n<\/tr>\n<tr>\n<td colspan=\"4\" width=\"99%\"><span style=\"color: #0000ff;\"><strong>Sciences Exactes SE 2022<\/strong><\/span><\/td>\n\n<\/tr>\n<tr>\n<td width=\"4%\"><span style=\"color: #ffcc00;\">01<\/span><\/td>\n<td width=\"52%\">Renouvellement de bourse \u00ab\u00a0\u00e9tudiants\u00a0\u00bb 2022-2023 &#8211; Sciences Exactes SE &#8211; \u00ab\u00a0CHIMIE\u00a0\u00bb<\/td>\n<td width=\"42%\"><span style=\"color: #0000ff;\"><a style=\"color: #0000ff;\" href=\"https:\/\/services.mesrs.dz\/DCEU\/course\/view.php?id=67\">https:\/\/services.mesrs.dz\/DCEU\/course\/view.php?id=67<\/a><\/span><\/td>\n\n<\/tr>\n<tr>\n<td width=\"4%\"><span style=\"color: #ffcc00;\">02<\/span><\/td>\n<td width=\"52%\">Renouvellement de bourse \u00ab\u00a0\u00e9tudiants\u00a0\u00bb 2022-2023 &#8211; Sciences Exactes SE &#8211; \u00ab\u00a0PHYSIQUE\u00a0\u00bb<\/td>\n<td  width=\"42%\"><span style=\"color: #0000ff;\"><a style=\"color: #0000ff;\" href=\"https:\/\/services.mesrs.dz\/DCEU\/course\/view.php?id=68\">https:\/\/services.mesrs.dz\/DCEU\/course\/view.php?id=68<\/a><\/span><\/td>\n\n<\/tr>\n<tr>\n<td width=\"4%\"><span style=\"color: #ffcc00;\">03<\/span><\/td>\n<td width=\"52%\">Renouvellement de bourse \u00ab\u00a0\u00e9tudiants\u00a0\u00bb 2022-2023 &#8211; Sciences Exactes SE &#8211; \u00ab\u00a0Math\u00e9matiques\u00a0\u00bb<\/td>\n<td  width=\"42%\"><span style=\"color: #0000ff;\"><a style=\"color: #0000ff;\" href=\"https:\/\/services.mesrs.dz\/DCEU\/course\/view.php?id=69\">https:\/\/services.mesrs.dz\/DCEU\/course\/view.php?id=69<\/a><\/span><\/td>\n\n<\/tr>\n<tr>\n<td colspan=\"4\" width=\"99%\"><span style=\"color: #0000ff;\"><strong>Sciences de l&rsquo;ing\u00e9nieur SI &#8211; 2022<\/strong><\/span><\/td>\n\n<\/tr>\n<tr>\n<td width=\"4%\"><span style=\"color: #ffcc00;\">04<\/span><\/td>\n<td width=\"52%\">Renouvellement de bourse \u00ab\u00a0\u00e9tudiants\u00a0\u00bb 2022-2023 &#8211; Sciences de l&rsquo;ing\u00e9nieur SI &#8211; \u00ab\u00a0Uniquement l&rsquo;informatique\u00a0\u00bb<\/td>\n<td  width=\"42%\"><span style=\"color: #0000ff;\"><a style=\"color: #0000ff;\" href=\"https:\/\/services.mesrs.dz\/DCEU\/course\/view.php?id=73\">https:\/\/services.mesrs.dz\/DCEU\/course\/view.php?id=73<\/a><\/span><\/td>\n\n<\/tr>\n<tr>\n<td width=\"4%\"><span style=\"color: #ffcc00;\">05<\/span><\/td>\n<td width=\"52%\">Renouvellement de bourse \u00ab\u00a0\u00e9tudiants\u00a0\u00bb 2022-2023 &#8211; Sciences de l&rsquo;ing\u00e9nieur SI &#8211; \u00ab\u00a0G\u00e9nie civil- Architecture-Urbanisme &#8211; Travaux Publics- GTU(Gestion des Techniques Urbaines)- Am\u00e9nagement &#8211; Gestion des villes &#8211; G\u00e9nie Urbain\u2026. (Autres)\u00a0\u00bb<\/td>\n<td  width=\"42%\"><span style=\"color: #0000ff;\"><a style=\"color: #0000ff;\" href=\"https:\/\/services.mesrs.dz\/DCEU\/course\/view.php?id=72\">https:\/\/services.mesrs.dz\/DCEU\/course\/view.php?id=72<\/a><\/span><\/td>\n\n<\/tr>\n<tr>\n<td width=\"4%\"><span style=\"color: #ffcc00;\">06<\/span><\/td>\n<td width=\"52%\">Renouvellement de bourse \u00ab\u00a0\u00e9tudiants\u00a0\u00bb 2022-2023 &#8211; Sciences de l&rsquo;ing\u00e9nieur SI &#8211; \u00ab\u00a0Automatique &#8211; Hydraulique &#8211; G\u00e9nie M\u00e9canique \u2013Construction M\u00e9canique \u2013Electro M\u00e9canique \u2013G\u00e9nie Chimique \u2013G\u00e9nie des Proc\u00e9d\u00e9s- G\u00e9otechnique &#8230;(Autres)\u00a0\u00bb<\/td>\n<td  width=\"42%\"><span style=\"color: #0000ff;\"><a style=\"color: #0000ff;\" href=\"https:\/\/services.mesrs.dz\/DCEU\/course\/view.php?id=71\">https:\/\/services.mesrs.dz\/DCEU\/course\/view.php?id=71<\/a><\/span><\/td>\n\n<\/tr>\n<tr>\n<td width=\"4%\"><span style=\"color: #ffcc00;\">07<\/span><\/td>\n<td width=\"52%\">Renouvellement de bourse \u00ab\u00a0\u00e9tudiants\u00a0\u00bb 2022-2023 &#8211; Sciences de l&rsquo;ing\u00e9nieur SI &#8211; \u00ab\u00a0Electronique \u2013 Electrotechnique &#8211; G\u00e9nie \u00c9lectrique \u2013 T\u00e9l\u00e9communication \u2013 Syst\u00e8me Electrique\u00a0\u00bb<\/td>\n<td  width=\"42%\"><span style=\"color: #0000ff;\"><a style=\"color: #0000ff;\" href=\"https:\/\/services.mesrs.dz\/DCEU\/course\/view.php?id=70\">https:\/\/services.mesrs.dz\/DCEU\/course\/view.php?id=70<\/a><\/span><\/td>\n\n<\/tr>\n<tr>\n<td colspan=\"4\" width=\"99%\"><span style=\"color: #0000ff;\"><strong>Sciences de la nature et de la vie \u2013 2022<\/strong><\/span><\/td>\n<td width=\"0%\"><\/td>\n<\/tr>\n<tr>\n<td width=\"4%\"><span style=\"color: #ffcc00;\">08<\/span><\/td>\n<td width=\"52%\">Renouvellement de bourse \u00ab\u00a0\u00e9tudiants\u00a0\u00bb 2022-2023 &#8211; Sciences de la nature et de la vie SNV<\/td>\n<td  width=\"42%\"><span style=\"color: #0000ff;\"><a style=\"color: #0000ff;\" href=\"https:\/\/services.mesrs.dz\/DCEU\/course\/view.php?id=74\">https:\/\/services.mesrs.dz\/DCEU\/course\/view.php?id=74<\/a><\/span><\/td>\n\n<\/tr>\n<tr>\n<td colspan=\"5\" width=\"100%\"><span style=\"color: #0000ff;\"><strong>Sciences Humaines et Sociales SHS &#8211; 2022<\/strong><\/span><\/td>\n<\/tr>\n<tr>\n<td width=\"4%\"><span style=\"color: #ffcc00;\">09<\/span><\/td>\n<td width=\"52%\">Renouvellement de bourse \u00ab\u00a0\u00e9tudiants\u00a0\u00bb 2022-2023 &#8211; Sciences Humaines et Sociales SHS &#8211; \u00ab\u00a0Fili\u00e8res: Uniquement Anglais\u00a0\u00bb<\/td>\n<td width=\"42%\"><span style=\"color: #0000ff;\"><a style=\"color: #0000ff;\" href=\"https:\/\/services.mesrs.dz\/DCEU\/course\/view.php?id=75\">https:\/\/services.mesrs.dz\/DCEU\/course\/view.php?id=75<\/a><\/span><\/td>\n<\/tr>\n<tr>\n<td width=\"4%\"><span style=\"color: #ffcc00;\">10<\/span><\/td>\n<td width=\"52%\">Renouvellement de bourse \u00ab\u00a0\u00e9tudiants\u00a0\u00bb 2022-2023 &#8211; Sciences Humaines et Sociales SHS &#8211; \u00ab\u00a0Fili\u00e8res: \u00c9conomie-Gestion-Commerce- finance et comptabilit\u00e9 &#8211; Business Administration &#8211; Management \u2026(Autres)\u00a0\u00bb<\/td>\n<td colspan=\"3\" width=\"42%\"><span style=\"color: #0000ff;\"><a style=\"color: #0000ff;\" href=\"https:\/\/services.mesrs.dz\/DCEU\/course\/view.php?id=76\">https:\/\/services.mesrs.dz\/DCEU\/course\/view.php?id=76<\/a><\/span><\/td>\n<\/tr>\n<tr>\n<td width=\"4%\"><span style=\"color: #ffcc00;\">11<\/span><\/td>\n<td width=\"52%\">Renouvellement de bourse \u00ab\u00a0\u00e9tudiants\u00a0\u00bb 2022-2023 &#8211; Sciences Humaines et Sociales SHS &#8211; \u00ab\u00a0Fili\u00e8res: Sociologie -Droit -Philosophie-Psychologie-Litt\u00e9rature Arabe &#8211; journalisme-Sciences politiques \u2026(Autres) \u00ab\u00a0<\/td>\n<td colspan=\"3\" width=\"42%\"><span style=\"color: #0000ff;\"><a style=\"color: #0000ff;\" href=\"https:\/\/services.mesrs.dz\/DCEU\/course\/view.php?id=77\">https:\/\/services.mesrs.dz\/DCEU\/course\/view.php?id=77<\/a><\/span><\/td>\n<\/tr>\n<tr>\n<td width=\"4%\"><span style=\"color: #ffcc00;\">12<\/span><\/td>\n<td width=\"52%\">Renouvellement de bourse \u00ab\u00a0\u00e9tudiants\u00a0\u00bb 2022-2023 &#8211; Sciences Humaines et Sociales SHS &#8211; \u00ab\u00a0Fili\u00e8res: Toutes les langues \u00e9trang\u00e8res \u00e0 l\u2019exception de l\u2019Anglais: Langue chinoise &#8211; langue fran\u00e7aise \u2013 Langue russe\u2013 traduction \u2026(Autres) \u00ab\u00a0<\/td>\n<td colspan=\"3\" width=\"42%\"><span style=\"color: #0000ff;\"><a style=\"color: #0000ff;\" href=\"https:\/\/services.mesrs.dz\/DCEU\/course\/view.php?id=78\">https:\/\/services.mesrs.dz\/DCEU\/course\/view.php?id=78<\/a><\/span><\/td>\n<\/tr>\n<\/tbody>\n<\/table>\n<\/html>\t\t\t\t\t\t\t\t<\/div>\n\t\t\t\t<\/div>\n\t\t\t\t<div class=\"elementor-element elementor-element-69e68bd elementor-widget elementor-widget-text-editor\" data-id=\"69e68bd\" data-element_type=\"widget\" data-e-type=\"widget\" data-widget_type=\"text-editor.default\">\n\t\t\t\t<div class=\"elementor-widget-container\">\n\t\t\t\t\t\t\t\t\t<p><strong><span style=\"color: #ffcc00;\">\u00a0Insertion des boursiers :<\/span><\/strong><\/p><p>Chaque boursier laur\u00e9at du concours national de la formation \u00e0 l\u2019\u00e9tranger ayant souscris un contrat de formation doit effectuer, pour le compte de l&rsquo;organisme d&rsquo;envoi, la formation initialement programm\u00e9e et pour laquelle il est tenu par l&rsquo;obligation de r\u00e9sultats,<br \/>il doit transmettre \u00e0 la DCEU :<br \/>\u00a0-Le dipl\u00f4me de doctorat et l\u2019\u00e9quivalence,<br \/>\u00a0-La fiche de retour\u00a0 -\u00e0 t\u00e9l\u00e9charger- .<\/p>\t\t\t\t\t\t\t\t<\/div>\n\t\t\t\t<\/div>\n\t\t\t\t\t<\/div>\n\t\t<\/div>\n\t\t\t\t\t<\/div>\n\t\t<\/section>\n\t\t\t\t\t<\/div>\n\t\t<\/div>\n\t\t\t\t\t<\/div>\n\t\t<\/section>\n\t\t\t\t<\/div>\n\t\t","protected":false},"excerpt":{"rendered":"<p>coop\u00e9ration interuniversitaire Suivi des boursiers et insertion Renouvellement de bourse: \u2212 Conditions de renouvellement de bourses : Le renouvellement est accord\u00e9 aux \u00e9tudiants n\u2019ayant pas \u00e9puis\u00e9 la dur\u00e9e r\u00e9glementaire de prise en charge initialement programm\u00e9e et justifiant d\u2019une progression p\u00e9dagogique et scientifique r\u00e9guli\u00e8re.\u2212 Documents de renouvellement de bourse :\u00a0 L\u2019introduction du dossier de renouvellement de [&hellip;]<\/p>\n","protected":false},"author":3,"featured_media":0,"parent":0,"menu_order":0,"comment_status":"closed","ping_status":"closed","template":"elementor_header_footer","meta":{"_acf_changed":false,"_eb_attr":"","footnotes":""},"class_list":["post-53195","page","type-page","status-publish","hentry"],"acf":[],"_links":{"self":[{"href":"https:\/\/www.mesrs.dz\/index.php\/wp-json\/wp\/v2\/pages\/53195","targetHints":{"allow":["GET"]}}],"collection":[{"href":"https:\/\/www.mesrs.dz\/index.php\/wp-json\/wp\/v2\/pages"}],"about":[{"href":"https:\/\/www.mesrs.dz\/index.php\/wp-json\/wp\/v2\/types\/page"}],"author":[{"embeddable":true,"href":"https:\/\/www.mesrs.dz\/index.php\/wp-json\/wp\/v2\/users\/3"}],"replies":[{"embeddable":true,"href":"https:\/\/www.mesrs.dz\/index.php\/wp-json\/wp\/v2\/comments?post=53195"}],"version-history":[{"count":0,"href":"https:\/\/www.mesrs.dz\/index.php\/wp-json\/wp\/v2\/pages\/53195\/revisions"}],"wp:attachment":[{"href":"https:\/\/www.mesrs.dz\/index.php\/wp-json\/wp\/v2\/media?parent=53195"}],"curies":[{"name":"wp","href":"https:\/\/api.w.org\/{rel}","templated":true}]}}