{"id":30693,"date":"2022-04-25T14:57:19","date_gmt":"2022-04-25T13:57:19","guid":{"rendered":"https:\/\/www.mesrs.dz\/?page_id=30693"},"modified":"2024-07-08T10:57:23","modified_gmt":"2024-07-08T09:57:23","slug":"plateforme-equivalence","status":"publish","type":"page","link":"https:\/\/www.mesrs.dz\/index.php\/fr\/espace-etudiant\/plateforme-equivalence\/","title":{"rendered":"Plateforme Equivalence"},"content":{"rendered":"\t\t<div data-elementor-type=\"wp-page\" data-elementor-id=\"30693\" class=\"elementor elementor-30693\" data-elementor-settings=\"{&quot;ha_cmc_init_switcher&quot;:&quot;no&quot;}\">\n\t\t\t\t\t\t<section class=\"elementor-section elementor-top-section elementor-element elementor-element-bc5047f elementor-section-stretched elementor-section-content-middle elementor-section-height-min-height elementor-section-boxed elementor-section-height-default elementor-section-items-middle\" data-id=\"bc5047f\" data-element_type=\"section\" data-e-type=\"section\" data-settings=\"{&quot;background_background&quot;:&quot;gradient&quot;,&quot;stretch_section&quot;:&quot;section-stretched&quot;,&quot;_ha_eqh_enable&quot;:false}\">\n\t\t\t\t\t\t\t<div class=\"elementor-background-overlay\"><\/div>\n\t\t\t\t\t\t\t<div class=\"elementor-container elementor-column-gap-default\">\n\t\t\t\t\t<div class=\"elementor-column elementor-col-50 elementor-top-column elementor-element elementor-element-098f45b\" data-id=\"098f45b\" data-element_type=\"column\" data-e-type=\"column\">\n\t\t\t<div class=\"elementor-widget-wrap elementor-element-populated\">\n\t\t\t\t\t\t<section class=\"elementor-section elementor-inner-section elementor-element elementor-element-7ca60d9 elementor-section-boxed elementor-section-height-default elementor-section-height-default\" data-id=\"7ca60d9\" data-element_type=\"section\" data-e-type=\"section\" data-settings=\"{&quot;_ha_eqh_enable&quot;:false}\">\n\t\t\t\t\t\t<div class=\"elementor-container elementor-column-gap-default\">\n\t\t\t\t\t<div class=\"elementor-column elementor-col-100 elementor-inner-column elementor-element elementor-element-57bf2e4\" data-id=\"57bf2e4\" data-element_type=\"column\" data-e-type=\"column\">\n\t\t\t<div class=\"elementor-widget-wrap elementor-element-populated\">\n\t\t\t\t\t\t<div class=\"elementor-element elementor-element-d19f09f elementor-invisible elementor-widget elementor-widget-heading\" data-id=\"d19f09f\" data-element_type=\"widget\" data-e-type=\"widget\" data-settings=\"{&quot;_animation&quot;:&quot;fadeIn&quot;}\" data-widget_type=\"heading.default\">\n\t\t\t\t<div class=\"elementor-widget-container\">\n\t\t\t\t\t<h2 class=\"elementor-heading-title elementor-size-default\">Etudiant<\/h2>\t\t\t\t<\/div>\n\t\t\t\t<\/div>\n\t\t\t\t<div class=\"elementor-element elementor-element-7541c3e elementor-widget-divider--view-line elementor-widget elementor-widget-divider\" data-id=\"7541c3e\" data-element_type=\"widget\" data-e-type=\"widget\" data-widget_type=\"divider.default\">\n\t\t\t\t<div class=\"elementor-widget-container\">\n\t\t\t\t\t\t\t<div class=\"elementor-divider\">\n\t\t\t<span class=\"elementor-divider-separator\">\n\t\t\t\t\t\t<\/span>\n\t\t<\/div>\n\t\t\t\t\t\t<\/div>\n\t\t\t\t<\/div>\n\t\t\t\t<div class=\"elementor-element elementor-element-f4bd60a elementor-invisible elementor-widget elementor-widget-heading\" data-id=\"f4bd60a\" data-element_type=\"widget\" data-e-type=\"widget\" data-settings=\"{&quot;_animation&quot;:&quot;fadeIn&quot;}\" data-widget_type=\"heading.default\">\n\t\t\t\t<div class=\"elementor-widget-container\">\n\t\t\t\t\t<h2 class=\"elementor-heading-title elementor-size-default\">Plateformes des  \u00c9quivalences<\/h2>\t\t\t\t<\/div>\n\t\t\t\t<\/div>\n\t\t\t\t\t<\/div>\n\t\t<\/div>\n\t\t\t\t\t<\/div>\n\t\t<\/section>\n\t\t\t\t\t<\/div>\n\t\t<\/div>\n\t\t\t\t<div class=\"elementor-column elementor-col-50 elementor-top-column elementor-element elementor-element-3bc8717\" data-id=\"3bc8717\" data-element_type=\"column\" data-e-type=\"column\">\n\t\t\t<div class=\"elementor-widget-wrap elementor-element-populated\">\n\t\t\t\t\t\t<div class=\"elementor-element elementor-element-ecacca4 elementor-widget elementor-widget-spacer\" data-id=\"ecacca4\" data-element_type=\"widget\" data-e-type=\"widget\" data-widget_type=\"spacer.default\">\n\t\t\t\t<div class=\"elementor-widget-container\">\n\t\t\t\t\t\t\t<div class=\"elementor-spacer\">\n\t\t\t<div class=\"elementor-spacer-inner\"><\/div>\n\t\t<\/div>\n\t\t\t\t\t\t<\/div>\n\t\t\t\t<\/div>\n\t\t\t\t\t<\/div>\n\t\t<\/div>\n\t\t\t\t\t<\/div>\n\t\t<\/section>\n\t\t\t\t<section class=\"elementor-section elementor-top-section elementor-element elementor-element-d237840 elementor-section-stretched elementor-section-boxed elementor-section-height-default elementor-section-height-default\" data-id=\"d237840\" data-element_type=\"section\" data-e-type=\"section\" data-settings=\"{&quot;background_background&quot;:&quot;classic&quot;,&quot;stretch_section&quot;:&quot;section-stretched&quot;,&quot;_ha_eqh_enable&quot;:false}\">\n\t\t\t\t\t\t<div class=\"elementor-container elementor-column-gap-default\">\n\t\t\t\t\t<div class=\"elementor-column elementor-col-100 elementor-top-column elementor-element elementor-element-4799229\" data-id=\"4799229\" data-element_type=\"column\" data-e-type=\"column\">\n\t\t\t<div class=\"elementor-widget-wrap elementor-element-populated\">\n\t\t\t\t\t\t<section class=\"elementor-section elementor-inner-section elementor-element elementor-element-a1fedc6 elementor-section-boxed elementor-section-height-default elementor-section-height-default\" data-id=\"a1fedc6\" data-element_type=\"section\" data-e-type=\"section\" data-settings=\"{&quot;_ha_eqh_enable&quot;:false}\">\n\t\t\t\t\t\t<div class=\"elementor-container elementor-column-gap-default\">\n\t\t\t\t\t<div class=\"elementor-column elementor-col-100 elementor-inner-column elementor-element elementor-element-911f70e\" data-id=\"911f70e\" data-element_type=\"column\" data-e-type=\"column\" data-settings=\"{&quot;background_background&quot;:&quot;classic&quot;}\">\n\t\t\t<div class=\"elementor-widget-wrap elementor-element-populated\">\n\t\t\t\t\t\t<div class=\"elementor-element elementor-element-908aa34 elementor-widget elementor-widget-text-editor\" data-id=\"908aa34\" data-element_type=\"widget\" data-e-type=\"widget\" data-widget_type=\"text-editor.default\">\n\t\t\t\t<div class=\"elementor-widget-container\">\n\t\t\t\t\t\t\t\t\t<p><strong style=\"color:red;font-size:20px;\">Tout dipl\u00f4me \u00e9tranger objet de demande de reconnaissance doit \u00eatre authentifi\u00e9 par l\u2019autorit\u00e9 de tutelle (Minist\u00e8re, Rectorat \u2026.) ou d\u2019un service comp\u00e9tent du pays ayant d\u00e9livr\u00e9 le dipl\u00f4me et valid\u00e9 par les services consulaires alg\u00e9riens \u00e0 l\u2019\u00e9tranger.<\/strong><\/p><p><strong style=\"color:red;\"><br><\/strong><\/p>\n<p>Les demandes d&rsquo;\u00e9quivalence sont d\u00e9pos\u00e9es, exclusivement en ligne sur le site web du MESRS conform\u00e9ment \u00e0 l&rsquo;arr\u00eat\u00e9 n\u00b0 1260 du 20 D\u00e9cembre 2015 fixant la liste des documents requis pour le dossier de demande d&rsquo;\u00e9quivalence des dipl\u00f4mes et titres universitaires \u00e9trangers et les modalit\u00e9s de leur d\u00e9p\u00f4t.<\/p>\n<p>Pour consulter<strong> l&rsquo;arr\u00eat\u00e9 n\u00b0 1260 sus-cit\u00e9 <a href=\"http:\/\/equiv.mesrs.dz:8080\/ext-equiv\/images\/Circulaire_n_1260_fr.pdf\"><span style=\"text-decoration: underline;\">Cliquer ici<\/span><\/a><\/strong><\/p>\n<p>Pour de plus amples informations, vous pouvez contacter la Sous-direction des \u00e9quivalences qui d\u00e9pend de la Direction des Dipl\u00f4mes, des Equivalences et de la Documentation Universitaire.<\/p>\n<p><strong>Tel :<\/strong> 023 238564 ou 023 238588<\/p>\n<p>E-mail :&nbsp; sde@mesrs.dz<\/p>\n<p>Afin que nous puissions statuer dans des d\u00e9lais raisonnables sur votre demande d&rsquo;\u00e9quivalence veuillez d\u00e9poser un dossier complet conform\u00e9ment \u00e0 l&rsquo;arr\u00eate n\u00b0 1260 du 20 D\u00e9cembre 2015.<\/p>\n<p>La proc\u00e9dure technique de d\u00e9p\u00f4t du dossier, est comme suit :<\/p>\n<p><strong>Nouvelle demande d\u2019\u00e9quivalence (depuis le 10\/02\/2022) :<\/strong> Vous pouvez soumettre votre demande d\u2019\u00e9quivalence de votre dipl\u00f4me \u00e9tranger sur la plateforme Progres via le lien suivant : <a href=\"https:\/\/progres.mesrs.dz\/webequivalence\/\"><span style=\"text-decoration: underline;\"><strong>https:\/\/progres.mesrs.dz\/webequivalence<\/strong><\/span><\/a><\/p>\n<p><strong>Demandes d\u00e9pos\u00e9es avant le 10\/02\/2022 :<\/strong> suivre l\u2019\u00e9tat de traitement de votre demande <a href=\"http:\/\/equiv.mesrs.dz:8080\/ext-equiv\/acces_suivre_dmd.jsp\"><span style=\"text-decoration: underline;\"><strong>Cliquer ici<\/strong><\/span><\/a><\/p>\t\t\t\t\t\t\t\t<\/div>\n\t\t\t\t<\/div>\n\t\t\t\t\t<\/div>\n\t\t<\/div>\n\t\t\t\t\t<\/div>\n\t\t<\/section>\n\t\t\t\t\t<\/div>\n\t\t<\/div>\n\t\t\t\t\t<\/div>\n\t\t<\/section>\n\t\t\t\t<\/div>\n\t\t","protected":false},"excerpt":{"rendered":"<p>Etudiant Plateformes des \u00c9quivalences Tout dipl\u00f4me \u00e9tranger objet de demande de reconnaissance doit \u00eatre authentifi\u00e9 par l\u2019autorit\u00e9 de tutelle (Minist\u00e8re, Rectorat \u2026.) ou d\u2019un service comp\u00e9tent du pays ayant d\u00e9livr\u00e9 le dipl\u00f4me et valid\u00e9 par les services consulaires alg\u00e9riens \u00e0 l\u2019\u00e9tranger. Les demandes d&rsquo;\u00e9quivalence sont d\u00e9pos\u00e9es, exclusivement en ligne sur le site web du MESRS [&hellip;]<\/p>\n","protected":false},"author":2,"featured_media":0,"parent":1955,"menu_order":0,"comment_status":"closed","ping_status":"closed","template":"elementor_header_footer","meta":{"_acf_changed":false,"_eb_attr":"","footnotes":""},"class_list":["post-30693","page","type-page","status-publish","hentry"],"acf":[],"_links":{"self":[{"href":"https:\/\/www.mesrs.dz\/index.php\/wp-json\/wp\/v2\/pages\/30693","targetHints":{"allow":["GET"]}}],"collection":[{"href":"https:\/\/www.mesrs.dz\/index.php\/wp-json\/wp\/v2\/pages"}],"about":[{"href":"https:\/\/www.mesrs.dz\/index.php\/wp-json\/wp\/v2\/types\/page"}],"author":[{"embeddable":true,"href":"https:\/\/www.mesrs.dz\/index.php\/wp-json\/wp\/v2\/users\/2"}],"replies":[{"embeddable":true,"href":"https:\/\/www.mesrs.dz\/index.php\/wp-json\/wp\/v2\/comments?post=30693"}],"version-history":[{"count":0,"href":"https:\/\/www.mesrs.dz\/index.php\/wp-json\/wp\/v2\/pages\/30693\/revisions"}],"up":[{"embeddable":true,"href":"https:\/\/www.mesrs.dz\/index.php\/wp-json\/wp\/v2\/pages\/1955"}],"wp:attachment":[{"href":"https:\/\/www.mesrs.dz\/index.php\/wp-json\/wp\/v2\/media?parent=30693"}],"curies":[{"name":"wp","href":"https:\/\/api.w.org\/{rel}","templated":true}]}}